{"id":1473,"date":"2015-02-18T16:23:09","date_gmt":"2015-02-18T16:23:09","guid":{"rendered":"https:\/\/www.threepeakspartnership.co.uk\/?page_id=1473"},"modified":"2026-04-04T22:04:18","modified_gmt":"2026-04-04T21:04:18","slug":"scafell-pike-cy","status":"publish","type":"page","link":"https:\/\/www.threepeakspartnership.co.uk\/cy\/scafell-pike-cy\/","title":{"rendered":"Scafell Pike"},"content":{"rendered":"\n<div class=\"wp-block-group alignwide has-text-align-center has-global-padding is-layout-constrained wp-block-group-is-layout-constrained\" style=\"padding-bottom:var(--wp--preset--spacing--20)\">\n<i class=\"icon-chart-area\"><\/i>&nbsp;<a href=\"#mountain\">Y Mynydd<\/a> | <i class=\"icon-address\"><\/i>&nbsp;<a href=\"#gettingthere\">Cyrraedd Yno<\/a> | <i class=\"icon-traffic-cone\"><\/i>&nbsp;<a href=\"#parking\">Parcio<\/a> | <i class=\"icon-trash\"><\/i>&nbsp;<a href=\"#amenities\">Amwynderau<\/a>&nbsp;| <i class=\"icon-light-up\"><\/i>&nbsp;<a href=\"#weather\">Tywydd<\/a>&nbsp;| <i class=\"icon-leaf\"><\/i>&nbsp;<a href=\"#conservation\">Cadwraeth<\/a> | <i class=\"icon-compass\"><\/i>&nbsp;<a href=\"https:\/\/www.threepeakspartnership.co.uk\/cy\/plan-your-route\/\">Cynllunio Eich Llwybr<\/a><br>\n<\/div>\n\n\n\n<h2 class=\"wp-block-heading\" id=\"mountain\">Y Mynydd<\/h2>\n\n\n\n<h3 class=\"wp-block-heading\">Cyflwyniad<\/h3>\n\n\n\n<p>Ar 978m uwchben lefel y m\u00f4r, Scafell Pike yw&#8217;r mynydd uchaf yn Lloegr.<\/p>\n\n\n\n<p>Rhoddwyd y copa fel rhodd i&#8217;r Ymddiriedolaeth Genedlaethol ym 1919 gan yr Arglwydd Leconfield &#8220;er cof parhaol am w\u0177r Ardal y Llynnoedd a syrthiodd dros Dduw a\u2019r Brenin, dros ryddid, heddwch ac iawn yn y Rhyfel Mawr&#8221; a dyma gofeb rhyfel uchaf Lloegr.<\/p>\n\n\n\n<figure class=\"wp-block-image alignright\"><a href=\"https:\/\/www.threepeakspartnership.co.uk\/wp-content\/uploads\/2015\/02\/scafell.jpg\"><img loading=\"lazy\" decoding=\"async\" width=\"225\" height=\"300\" src=\"https:\/\/www.threepeakspartnership.co.uk\/wp-content\/uploads\/2015\/02\/scafell-225x300.jpg\" alt=\"\" class=\"wp-image-990\" srcset=\"https:\/\/www.threepeakspartnership.co.uk\/wp-content\/uploads\/2015\/02\/scafell-225x300.jpg 225w, https:\/\/www.threepeakspartnership.co.uk\/wp-content\/uploads\/2015\/02\/scafell.jpg 600w\" sizes=\"auto, (max-width: 225px) 100vw, 225px\" \/><\/a><\/figure>\n\n\n\n<p>Mae&#8217;r copa ei hun yn ffurfio rhan o&#8217;r Scafell Massif, llwyfandir ucheldir sy&#8217;n ymestyn am tua 3km heb fynd yn is na 2,500tr. Mae&#8217;n cynnwys copaon Great End, Ill Crag, Broad Crag, Scafell Pike a Scafell a arferid eu galw yn \u2018Pikes of Scawfell). Y dyddiau hyn dim ond i&#8217;r uchaf o&#8217;r copaon hyn y mae&#8217;r enw Scafell Pike yn berthnasol.<\/p>\n\n\n\n<p>Roedd Scafell Pike a elwid yn wreiddiol yn &#8216;Pikes of Sca Fell&#8217;, yn disgrifio Broad Crag ac Ill Crag, yn ogystal \u00e2 Scafell Pike ei hun. Achoswyd y newid enw gan gamgymeriad ar fap Arolwg Ordnans ac yn y diwedd mabwysiadwyd &#8216;Scafell&#8217; yn fwy cyffredinol.<\/p>\n\n\n\n<p>Wasdale yw man geni mynydda ym Mhrydain, tirwedd ffermio eiconig a phorth poblogaidd i fynydd uchaf Lloegr Scafell Pike; 978 metr neu 3210 troedfedd o uchder. O gopa Scafell Pike gallwch fwynhau golygfeydd panoramig ysblennydd, ac ar ddiwrnod clir gogoneddus yn Ardal y Llynnoedd, gallwch weld copaon eraill mor bell i ffwrdd ag Ynys Manaw.<\/p>\n\n\n\n<p>Yn Wasdale hefyd ceir dwy record d\u0175r ucheldir. Mae&#8217;n gartref i&#8217;r d\u0175r sefyll uchaf yn Lloegr, a elwir yn Broad Crag Tarn, sydd tua 820 o fetrau neu 2,700 troedfedd, chwarter milltir i&#8217;r de o&#8217;r copa, tra bo Wast Water, llyn dyfnaf Lloegr yn plymio i ddyfnder o 74 o fetrau.<\/p>\n\n\n\n<p>Oherwydd natur gymhleth y tir ynghyd \u00e2&#8217;r amrywiaeth o ffyrdd i fyny ac i lawr, gall dod o hyd i\u2019r llwybr fod yn heriol ar Scafell Pike. O ganlyniad, credir yn gyffredinol mae hwn yw\u2019r copa mwyaf anodd o&#8217;r tri mynydd yn yr her tri chopa, yn enwedig pan eir arno yn y nos<\/p>\n\n\n\n<div class=\"wp-block-group has-global-padding is-layout-constrained wp-block-group-is-layout-constrained\">\n<p><a href=\"#top\">Yn \u00f4l i\u2019r brig<\/a><\/p>\n\n\n\n<hr class=\"wp-block-separator has-alpha-channel-opacity\" style=\"margin-top:var(--wp--preset--spacing--40);margin-bottom:var(--wp--preset--spacing--40)\"\/>\n<\/div>\n\n\n\n<h3 class=\"wp-block-heading\">Gwybodaeth Amgylcheddol<\/h3>\n\n\n\n<figure class=\"wp-block-image alignright\"><a href=\"https:\/\/www.threepeakspartnership.co.uk\/wp-content\/uploads\/2015\/02\/Starry-Saxifrage.jpg\"><img decoding=\"async\" src=\"https:\/\/www.threepeakspartnership.co.uk\/wp-content\/uploads\/2015\/02\/Starry-Saxifrage-225x300.jpg\" alt=\"\" class=\"wp-image-991\"\/><\/a><\/figure>\n\n\n\n<p><br><strong>Planhigion<\/strong><br>Mae&#8217;r copa yn rhan o SoDdGA (safle o ddiddordeb gwyddonol arbennig) Scafell Pikes ac mae\u2019n gartref i amrywiaeth o rywogaethau mynyddig a gweddillion Arctig prin. Mae ehangder o glogfeini ar y llwyfandir yn darparu cynefin gwych i rywogaethau o gen, gyda mwsoglau prin yn ffurfio carpedi yn y bylchau cysgodol. Hwn yw\u2019r cynefin unigol mwyaf ar gyfer rhai o&#8217;r rhywogaethau hyn yn Lloegr. Mae yna hefyd blanhigion uwch a all oroesi\u2019r amodau anodd, yn eu plith yr helygen leiaf a chlustog Fair.<\/p>\n\n\n\n<p>Mae cyfres o dagellau serth ynghyd \u00e2 siliau anodd eu cyrraedd yn gartref i blanhigion prin fel y tormaen serennog, glasgoch a mwsoglaidd, ynghyd ag arianllys y mynydd. Mae&#8217;r rhain yn gynefinoedd llaith, eithafol sydd yn genedlaethol yn brin iawn, ac ymhlith rhai o&#8217;r goreuon yn Cumbria.;<\/p>\n\n\n\n<figure class=\"wp-block-image alignleft\"><a href=\"https:\/\/www.threepeakspartnership.co.uk\/wp-content\/uploads\/2015\/02\/Raven-in-flight-small.jpg\"><img decoding=\"async\" src=\"https:\/\/www.threepeakspartnership.co.uk\/wp-content\/uploads\/2015\/02\/Raven-in-flight-small-300x220.jpg\" alt=\"Raven in flight small\" class=\"wp-image-835\"\/><\/a><\/figure>\n\n\n\n<p><b>Bywyd Gwyllt<\/b><br>Mae&#8217;r Massif hefyd yn gartref i amrywiaeth o adar. Yn y gwanwyn mae\u2019r ehedydd yn gyffredin ar yr ardaloedd glaswelltog is, yn ogystal \u00e2 rhywogaethau eraill fel y mwyalchen y mynydd, tinwen y garn a&#8217;r hebog tramor. Mae\u2019r gigfran ddeallus a hirhoedlog hefyd yn nythu yma ac mae&#8217;n rhan o gymeriad y mynydd.<\/p>\n\n\n\n<p>&nbsp;<\/p>\n\n\n\n<figure class=\"wp-block-image aligncenter\"><a href=\"https:\/\/www.threepeakspartnership.co.uk\/wp-content\/uploads\/2015\/02\/summitviewcrop-e1429129843909.jpg\"><img loading=\"lazy\" decoding=\"async\" width=\"1000\" height=\"370\" src=\"https:\/\/www.threepeakspartnership.co.uk\/wp-content\/uploads\/2015\/02\/summitviewcrop-e1429129843909.jpg\" alt=\"\" class=\"wp-image-1100\" srcset=\"https:\/\/www.threepeakspartnership.co.uk\/wp-content\/uploads\/2015\/02\/summitviewcrop-e1429129843909.jpg 1000w, https:\/\/www.threepeakspartnership.co.uk\/wp-content\/uploads\/2015\/02\/summitviewcrop-e1429129843909-300x111.jpg 300w, https:\/\/www.threepeakspartnership.co.uk\/wp-content\/uploads\/2015\/02\/summitviewcrop-e1429129843909-768x284.jpg 768w\" sizes=\"auto, (max-width: 1000px) 100vw, 1000px\" \/><\/a><\/figure>\n\n\n\n<p><strong>Daeareg<\/strong><br>Ffurfiwyd y Massif dros 450 miliwn o flynyddoedd yn \u00f4l ac mae&#8217;n rhan o gyfres folcanigau Borrowdale o greigiau igneaidd. Mae&#8217;r llwyfandir copa yn cynnwys malurion graig wedi\u2019u chwalu a dyma&#8217;r enghraifft uchaf a mwyaf o gae clogfeini yn Lloegr.<\/p>\n\n\n\n<p>&nbsp;<\/p>\n\n\n\n<div class=\"wp-block-group has-global-padding is-layout-constrained wp-block-group-is-layout-constrained\">\n<p><a href=\"#top\">Yn \u00f4l i\u2019r brig<\/a><\/p>\n\n\n\n<hr class=\"wp-block-separator has-alpha-channel-opacity\" style=\"margin-top:var(--wp--preset--spacing--40);margin-bottom:var(--wp--preset--spacing--40)\"\/>\n<\/div>\n\n\n\n<h2 class=\"wp-block-heading\" id=\"gettingthere\">Cyrraedd Yno<\/h2>\n\n\n\n<p>Mae Scafell Pike yn rhan o&#8217;r Southern Fells, a leolir o fewn Parc Cenedlaethol Ardal y Llynnoedd. Bydd eich dewis o fynd i fyny Scafell Pike o un ai Wasdale, Borrowdale neu Eskdale yn penderfynu pa gyffordd a gymerwch wrth adael traffordd yr M6 (C40 i Borrowdale neu C36 i Wasdale ac Eskdale). Gwiriwch eich llwybr bob amser cyn i chi deithio, ewch \u00e2 map ffordd gyda chi, a pheidiwch \u00e2 dibynnu ar Satnav i fynd \u00e2 chi yno. Cymerwch ofal ar ffyrdd gwledig a byddwch yn ystyriol o ddefaid a gwartheg..<\/p>\n\n\n\n<p>&nbsp;<\/p>\n\n\n\n<p>&nbsp;<\/p>\n\n\n\n<div class=\"wp-block-group has-global-padding is-layout-constrained wp-block-group-is-layout-constrained\">\n<p><a href=\"#top\">Yn \u00f4l i\u2019r brig<\/a><\/p>\n\n\n\n<hr class=\"wp-block-separator has-alpha-channel-opacity\" style=\"margin-top:var(--wp--preset--spacing--40);margin-bottom:var(--wp--preset--spacing--40)\"\/>\n<\/div>\n\n\n\n<h2 class=\"wp-block-heading\" id=\"parking\">Parcio<\/h2>\n\n\n\n<p>Lawrlwythwch y canllawiau <a href=\"https:\/\/www.threepeakspartnership.co.uk\/wp-content\/uploads\/2015\/04\/Scafell-Wasdale-guidelines.pdf\">Scafell &#8211; Wasdale<\/a><\/p>\n\n\n\n<p><strong>Wasdale<\/strong><br>Parciwch ym maes parcio Lakehead (NY182 074) sy\u2019n faes parcio talu ac arddangos (system llygad parcio, gwanwyn hwyr 2015.) Peidiwch \u00e2 pharcio ar lawnt werdd pentref Wasdale. Edrychwch ar <a title=\"Wasdale parking map\" href=\"https:\/\/www.threepeakspartnership.co.uk\/wp-content\/uploads\/2015\/04\/Parking-25k-v2.jpg\" target=\"_blank\" rel=\"noopener\">ein map<\/a> am leoliad maes parcio Lakehead.<\/p>\n\n\n\n<p><strong>Borrowdale<\/strong><\/p>\n\n\n\n<p>Gallwch barcio ar ymyl y ffordd ger fferm Seathwaite (NY 235 121.) Darllenwch ein cyngor cyffredinol ar barcio os gwelwch yn dda.<\/p>\n\n\n\n<p>&nbsp;<\/p>\n\n\n\n<p>&nbsp;<\/p>\n\n\n\n<div class=\"wp-block-group has-global-padding is-layout-constrained wp-block-group-is-layout-constrained\">\n<p><a href=\"#top\">Yn \u00f4l i\u2019r brig<\/a><\/p>\n\n\n\n<hr class=\"wp-block-separator has-alpha-channel-opacity\" style=\"margin-top:var(--wp--preset--spacing--40);margin-bottom:var(--wp--preset--spacing--40)\"\/>\n<\/div>\n\n\n\n<h2 class=\"wp-block-heading\" id=\"amenities\">Amwynderau<\/h2>\n\n\n\n<h3 class=\"wp-block-heading\">Toiledau<\/h3>\n\n\n\n<p><strong>Wasdale<\/strong><\/p>\n\n\n\n<p>Mae toiledau portaloos ar gael ym maes parcio Lakehead a lawnt werdd Wasdale. Rhaid cludo pob gwastraff allan o&#8217;r dyffryn ecolegol sensitif, felly ceisiwch fynd cyn i chi gyrraedd.<\/p>\n\n\n\n<p><strong>Borrowdale<\/strong><br>Mae toiled cyhoeddus ar gael ar fferm Seathwaite. Ar hyn o bryd mae hwn yn cael ei gynnal gan y ffermwr lleol, dylech gadw\u2019r toiled yn daclus ac yn glir o sbwriel.<\/p>\n\n\n\n<div class=\"wp-block-group has-global-padding is-layout-constrained wp-block-group-is-layout-constrained\">\n<p><a href=\"#top\">Yn \u00f4l i\u2019r brig<\/a><\/p>\n\n\n\n<hr class=\"wp-block-separator has-alpha-channel-opacity\" style=\"margin-top:var(--wp--preset--spacing--40);margin-bottom:var(--wp--preset--spacing--40)\"\/>\n<\/div>\n\n\n\n<h3 class=\"wp-block-heading\">Llety<\/h3>\n\n\n\n<ul class=\"wp-block-list\">\n<li><a title=\"National Trust\" href=\"http:\/\/www.nationaltrust.org.uk\/visit\/local-to-you\/north-west\/places-to-stay\/camping-in-the-lake-district\/wasdale\/\" target=\"_blank\" rel=\"noopener\">Maes gwersylla Wasdale NT <\/a><\/li>\n\n\n\n<li><a title=\"YHA Accommodation\" href=\"http:\/\/www.yha.org.uk\/\" target=\"_blank\" rel=\"noopener\">YHA Wastwater<\/a><\/li>\n\n\n\n<li><a title=\"Burnthwaite Farm B&amp;B\" href=\"http:\/\/burnthwaite.co.uk\/\" target=\"_blank\" rel=\"noopener\">Burnthwaite Farm B+B<\/a><\/li>\n\n\n\n<li><a title=\"Wasdale Head Inn\" href=\"http:\/\/wasdale.com\/\" target=\"_blank\" rel=\"noopener\">Wasdale Head Inn (t\u0177 Lingmell)<\/a><\/li>\n\n\n\n<li><a title=\"Church Stile Farm and Holiday Park\" href=\"http:\/\/churchstile.com\/\" target=\"_blank\" rel=\"noopener\">Church Stile Farm and Holiday Park<\/a><\/li>\n\n\n\n<li><a title=\"The Strands Hotel\" href=\"http:\/\/strandshotel.com\/\" target=\"_blank\" rel=\"noopener\">The Strands Hotel<\/a><\/li>\n\n\n\n<li><a title=\"The Screes Inn\" href=\"http:\/\/thescrees.co.uk\/\" target=\"_blank\" rel=\"noopener\">The Screes Inn<\/a><\/li>\n<\/ul>\n\n\n\n<div class=\"wp-block-group has-global-padding is-layout-constrained wp-block-group-is-layout-constrained\">\n<p><a href=\"#top\">Yn \u00f4l i\u2019r brig<\/a><\/p>\n\n\n\n<hr class=\"wp-block-separator has-alpha-channel-opacity\" style=\"margin-top:var(--wp--preset--spacing--40);margin-bottom:var(--wp--preset--spacing--40)\"\/>\n<\/div>\n\n\n\n<h3 class=\"wp-block-heading\">Tywyswyr Lleol<\/h3>\n\n\n\n<p>Gall archebu tywyswyr lleol dynnu llawer o straen allan o drefnu eich dringo a bydd ganddynt wybodaeth leol ardderchog am yr ardal. I gael rhagor o wybodaeth am ganllawiau lleol cliciwch&nbsp;<a title=\"Mountain Training - find a leader\" href=\"http:\/\/www.mountain-training.org\/walking\/other\/find-a-leader\" target=\"_blank\" rel=\"noopener\">yma<\/a>.<\/p>\n\n\n\n<p>&nbsp;<\/p>\n\n\n\n<p>&nbsp;<\/p>\n\n\n\n<div class=\"wp-block-group has-global-padding is-layout-constrained wp-block-group-is-layout-constrained\">\n<p><a href=\"#top\">Yn \u00f4l i\u2019r brig<\/a><\/p>\n\n\n\n<hr class=\"wp-block-separator has-alpha-channel-opacity\" style=\"margin-top:var(--wp--preset--spacing--40);margin-bottom:var(--wp--preset--spacing--40)\"\/>\n<\/div>\n\n\n\n<h2 class=\"wp-block-heading\" id=\"weather\">Tywydd<\/h2>\n\n\n\n<p>I gael cyngor tywydd lleol ewch i&nbsp;<a title=\"Weatherline Lake District\" href=\"http:\/\/lakedistrictweatherline.co.uk\/\" target=\"_blank\" rel=\"noopener\">Weatherline<\/a>.<\/p>\n\n\n\n<p>&nbsp;<\/p>\n\n\n\n<p>&nbsp;<\/p>\n\n\n\n<div class=\"wp-block-group has-global-padding is-layout-constrained wp-block-group-is-layout-constrained\">\n<p><a href=\"#top\">Yn \u00f4l i\u2019r brig<\/a><\/p>\n\n\n\n<hr class=\"wp-block-separator has-alpha-channel-opacity\" style=\"margin-top:var(--wp--preset--spacing--40);margin-bottom:var(--wp--preset--spacing--40)\"\/>\n<\/div>\n\n\n\n<h2 class=\"wp-block-heading\" id=\"conservation\">Cadwraeth<\/h2>\n\n\n\n<figure class=\"wp-block-image alignleft\"><a href=\"https:\/\/www.threepeakspartnership.co.uk\/wp-content\/uploads\/2015\/04\/Drain-building.jpg\"><img loading=\"lazy\" decoding=\"async\" width=\"300\" height=\"225\" src=\"https:\/\/www.threepeakspartnership.co.uk\/wp-content\/uploads\/2015\/04\/Drain-building-300x225.jpg\" alt=\"Drain building\" class=\"wp-image-1090\" srcset=\"https:\/\/www.threepeakspartnership.co.uk\/wp-content\/uploads\/2015\/04\/Drain-building-300x225.jpg 300w, https:\/\/www.threepeakspartnership.co.uk\/wp-content\/uploads\/2015\/04\/Drain-building-1024x768.jpg 1024w, https:\/\/www.threepeakspartnership.co.uk\/wp-content\/uploads\/2015\/04\/Drain-building-768x576.jpg 768w, https:\/\/www.threepeakspartnership.co.uk\/wp-content\/uploads\/2015\/04\/Drain-building-1536x1152.jpg 1536w, https:\/\/www.threepeakspartnership.co.uk\/wp-content\/uploads\/2015\/04\/Drain-building-2048x1536.jpg 2048w\" sizes=\"auto, (max-width: 300px) 100vw, 300px\" \/><\/a><\/figure>\n\n\n\n<p><\/p>\n\n\n\n<p>Oeddech chi&#8217;n gwybod ei fod yn costio \u00a310,000 y flwyddyn i gadw&#8217;r draeniau yn glir a gwneud rhai m\u00e2n atgyweiriadau i&#8217;r llwybrau i fyny Scafell Pike?<\/p>\n\n\n\n<p>Ni all y llwybr presennol ymdopi \u00e2 faint o bobl sy\u2019n ei ddefnyddio ac, o ganlyniad, mae ochr mynydd yn gwisgo\u2019n gyflym ar raddfa o \u00a3250,000 i\u2019w atgyweirio! Os gwelwch yn dda ystyriwch helpu drwy wirfoddoli a\/neu gyfrannu fel rhan o&#8217;ch her a rhoi rhywbeth yn \u00f4l i mewn i&#8217;r mynyddoedd.<\/p>\n","protected":false},"excerpt":{"rendered":"<p>&nbsp;Y Mynydd | &nbsp;Cyrraedd Yno | &nbsp;Parcio | &nbsp;Amwynderau&nbsp;| &nbsp;Tywydd&nbsp;| &nbsp;Cadwraeth | &nbsp;Cynllunio Eich Llwybr Y Mynydd Cyflwyniad Ar 978m uwchben lefel y m\u00f4r, Scafell Pike yw&#8217;r mynydd uchaf yn Lloegr. Rhoddwyd y copa fel rhodd i&#8217;r Ymddiriedolaeth Genedlaethol ym 1919 gan yr Arglwydd Leconfield &#8220;er cof parhaol am w\u0177r Ardal y Llynnoedd a syrthiodd [&hellip;]<\/p>\n","protected":false},"author":1,"featured_media":0,"parent":0,"menu_order":0,"comment_status":"closed","ping_status":"closed","template":"","meta":{"footnotes":""},"class_list":["post-1473","page","type-page","status-publish","hentry"],"_links":{"self":[{"href":"https:\/\/www.threepeakspartnership.co.uk\/cy\/wp-json\/wp\/v2\/pages\/1473","targetHints":{"allow":["GET"]}}],"collection":[{"href":"https:\/\/www.threepeakspartnership.co.uk\/cy\/wp-json\/wp\/v2\/pages"}],"about":[{"href":"https:\/\/www.threepeakspartnership.co.uk\/cy\/wp-json\/wp\/v2\/types\/page"}],"author":[{"embeddable":true,"href":"https:\/\/www.threepeakspartnership.co.uk\/cy\/wp-json\/wp\/v2\/users\/1"}],"replies":[{"embeddable":true,"href":"https:\/\/www.threepeakspartnership.co.uk\/cy\/wp-json\/wp\/v2\/comments?post=1473"}],"version-history":[{"count":0,"href":"https:\/\/www.threepeakspartnership.co.uk\/cy\/wp-json\/wp\/v2\/pages\/1473\/revisions"}],"wp:attachment":[{"href":"https:\/\/www.threepeakspartnership.co.uk\/cy\/wp-json\/wp\/v2\/media?parent=1473"}],"curies":[{"name":"wp","href":"https:\/\/api.w.org\/{rel}","templated":true}]}}