{"id":1465,"date":"2015-02-18T16:25:18","date_gmt":"2015-02-18T16:25:18","guid":{"rendered":"https:\/\/www.threepeakspartnership.co.uk\/?page_id=1465"},"modified":"2026-03-31T15:51:58","modified_gmt":"2026-03-31T14:51:58","slug":"polisi-preifatrwydd","status":"publish","type":"page","link":"https:\/\/www.threepeakspartnership.co.uk\/cy\/polisi-preifatrwydd\/","title":{"rendered":"Polisi Preifatrwydd"},"content":{"rendered":"<p>Mae&#8217;r polisi hwn, ynghyd \u00e2&#8217;n Amodau a Thelerau Polisi Defnydd Cwcis yn nodi\u2019r sail a ddefnyddir gennym i brosesu\u2019r data personol a gasglwn gennych, neu\u2019r data rydych yn ei ddarparu i ni.<\/p>\n<p><strong>Gwybodaeth efallai y byddwn yn ei chasglu gennych<\/strong><br \/>\nByddwn yn casglu a phrosesu gwybodaeth a ddarperir gennych drwy lenwi unrhyw un o&apos;r ffurflenni casglu data ar ein safle: localhost\/threepeaks\/web\/loc\/ (&quot;ein safle&quot;). Mae hyn yn cynnwys gwybodaeth a ddarperir ar adeg cofrestru ar gyfer her, deunydd postio neu drwy ddefnyddio&apos;r ffurflen gyswllt &#8211; os byddwch yn cysylltu \u00e2 ni, efallai y byddwn yn cadw cofnod o&apos;r ohebiaeth honno.<\/p>\n<p><strong>Cyfeiriadau IP a chwcis<\/strong><br \/>\nEfallai y byddwn yn casglu gwybodaeth am eich cyfrifiadur, fel eich cyfeiriad IP, system weithredu a\u2019r math o borwr. Mae hyn yn ddata ystadegol am weithredoedd a phatrymau pori ein defnyddwyr, ac nid yw&#8217;n adnabod unrhyw unigolyn.<br \/>\nTrwy ddefnyddio ffeil cwcis sydd yn cael ei storio ar yriant caled eich cyfrifiadur (gweler ein polisi defnydd <a href=\"https:\/\/www.threepeakspartnership.co.uk\/cy\/defnyddio-cwcis\/\">cwcis<\/a> am wybodaeth bellach), byddwn yn ceisio olrhain manylion eich ymweliadau \u00e2&#8217;n safle, yr adnoddau yr ydych yn cael mynediad atynt, a gwybodaeth am eich defnydd o&#8217;r rhyngrwyd yn gyffredinol.<\/p>\n<p><strong>Lle rydym yn storio eich data personol<\/strong><br \/>\nYn anffodus, nid yw trosglwyddo gwybodaeth dros y rhyngrwyd yn gwbl ddiogel. Er ein bod yn diogelu eich data personol drwy sicrhau fod eich manylion yn cael eu trosglwyddo dros gysylltiad diogel (SSL), ni allwn lwyr warantu diogelwch eich data; bydd unrhyw drosglwyddiad ar eich menter eich hun. Unwaith y byddwn wedi derbyn eich gwybodaeth, byddwn yn defnyddio gweithdrefnau llym a nodweddion diogelwch i geisio atal mynediad heb awdurdod.<\/p>\n<p><strong>Defnydd a wneir o&#8217;r wybodaeth<\/strong><br \/>\nEfallai y byddwn yn defnyddio&#8217;r wybodaeth a gedwir amdanoch chi yn y ffyrdd canlynol:<\/p>\n<ul>\n<li>Er mwyn cysylltu \u00e2 chi yngl\u0177n \u00e2 manylion yr her yr ydych wedi cofrestru gyda ni<\/li>\n<li>Er mwyn sicrhau bod cynnwys ein safle yn cael ei gyflwyno yn y modd mwyaf effeithiol i chi ac ar gyfer eich dyfais.<\/li>\n<li>Er mwyn rhoi gwybodaeth, cynhyrchion neu wasanaethau yr ydych yn gofyn i ni amdanynt neu yr ydym yn teimlo efallai o ddiddordeb i chi, lle rydych wedi cytuno i ni gysylltu at ddibenion o&#8217;r fath.<\/li>\n<li>Er mwyn eich galluogi i gymryd rhan mewn nodweddion rhyngweithiol ein gwasanaeth, pan fyddwch yn dewis gwneud hynny.<\/li>\n<li>I roi gwybod i chi am newidiadau i&#8217;n gwasanaeth.<\/li>\n<li>Er mwyn rhoi gwybodaeth, cynhyrchion neu wasanaethau yr ydych yn gofyn i ni amdanynt neu yr ydym yn teimlo efallai o ddiddordeb i chi, lle rydych wedi cytuno i ni gysylltu at ddibenion o&#8217;r fath (h.y. dewis optio\u2019i mewn i&#8217;n rhestr bostio)<\/li>\n<\/ul>\n<p><strong>Efallai y byddwn yn datgelu eich gwybodaeth bersonol i drydydd parti:<\/strong><\/p>\n<ul>\n<li>Os digwydd ein bod yn gwerthu neu&#8217;n prynu unrhyw fusnes neu asedau, os felly mae&#8217;n bosibl y byddwn yn datgelu eich data personol i&#8217;r darpar brynwr neu werthwr busnes neu asedau o&#8217;r fath.<\/li>\n<li>Os yw ein busnes neu&#8217;n holl asedau yn cael eu caffael gan drydydd parti, yn yr achos hwnnw bydd data personol sy\u2019n cael ei ddal ganddo am ei gwsmeriaid yn un o\u2019r asedau a drosglwyddir.<\/li>\n<li>Os ydym dan ddyletswydd i ddatgelu neu rannu eich data personol er mwyn cydymffurfio ag unrhyw rwymedigaeth gyfreithiol, neu er mwyn gorfodi neu gymhwyso ein telerau ac amodau y cyflenwad a chytundebau eraill; neu i ddiogelu hawliau, eiddo, neu ddiogelwch ein busnes, ein cwsmeriaid, neu eraill. Mae hyn yn cynnwys cyfnewid gwybodaeth gyda chwmn\u00efau a sefydliadau eraill at ddibenion amddiffyn twyll a lleihau risg credyd.<\/li>\n<li>Petaem yn defnyddio technolegau trydydd parti i gynorthwyo gyda gweithrediad ein safle (h.y. darparwr gwasanaeth rhestr bostio)<\/li>\n<\/ul>\n<p><strong>Eich hawliau<\/strong><br \/>\nMae gennych yr hawl i ofyn i ni beidio \u00e2 phrosesu eich data personol at ddibenion marchnata. Fel arfer byddwn yn rhoi gwybod i chi (cyn casglu eich data) os ydym yn bwriadu defnyddio eich data at ddibenion o&#8217;r fath, neu os ydym yn bwriadu datgelu eich gwybodaeth i unrhyw drydydd parti at ddibenion o&#8217;r fath. Gallwch ymarfer eich hawl i atal prosesu o&#8217;r fath drwy ddad-dicio\u2019r blwch tanysgrifio ar y ffurflen her rydym yn ei ddefnyddio i gasglu eich data. Gallwch hefyd arfer yr hawl ar unrhyw adeg trwy gysylltu \u00e2 ni.<\/p>\n<p>O bryd i&#8217;w gilydd, gall ein safle gynnwys dolenni i ac o wefannau ein rhwydweithiau partner, hysbysebwyr ac chysylltiedigion. Os byddwch yn dilyn dolen i unrhyw un o&#8217;r gwefannau hyn, os gwelwch yn dda nodwch fod gan y gwefannau hyn eu polis\u00efau preifatrwydd eu hunain ac nad ydym yn derbyn unrhyw gyfrifoldeb nac atebolrwydd am y polis\u00efau hyn. Gwiriwch y polis\u00efau hyn cyn i chi gyflwyno unrhyw ddata personol i&#8217;r gwefannau hyn.<\/p>\n<p><strong>Mynediad i wybodaeth<\/strong><br \/>\nMae&#8217;r Ddeddf Diogelu Data yn rhoi&#8217;r hawl i gael mynediad at wybodaeth a gedwir amdanoch chi. Gall eich hawl mynediad gael ei arfer yn unol \u00e2&#8217;r Ddeddf hon. Gall unrhyw gais am fynediad fod yn destun ffi o \u00a310 i gwrdd \u00e2&#8217;n costau wrth ddarparu manylion i chi o\u2019r wybodaeth sydd gennym amdanoch.<\/p>\n<p><strong>Newidiadau i&#8217;n polisi preifatrwydd<\/strong><br \/>\nBydd unrhyw newidiadau y gallwn eu gwneud i&#8217;n polisi preifatrwydd yn y dyfodol yn cael eu postio ar y dudalen hon a, lle bo&#8217;n briodol, eu hysbysu i chi drwy e-bost.<\/p>\n<p><strong>Cyswllt<\/strong><br \/>\nRydym yn croesawu cwestiynau, sylwadau a cheisiadau ynghylch y polisi preifatrwydd hwn a dylid eu hanfon atom drwy ddefnyddio&#8217;r ffurflen <a href=\"https:\/\/www.threepeakspartnership.co.uk\/cy\/cysylltu\/\">gyswllt<\/a>.<\/p>\n","protected":false},"excerpt":{"rendered":"<p>Mae&#8217;r polisi hwn, ynghyd \u00e2&#8217;n Amodau a Thelerau Polisi Defnydd Cwcis yn nodi\u2019r sail a ddefnyddir gennym i brosesu\u2019r data personol a gasglwn gennych, neu\u2019r data rydych yn ei ddarparu i ni. Gwybodaeth efallai y byddwn yn ei chasglu gennych Byddwn yn casglu a phrosesu gwybodaeth a ddarperir gennych drwy lenwi unrhyw un o&apos;r ffurflenni [&hellip;]<\/p>\n","protected":false},"author":1,"featured_media":0,"parent":0,"menu_order":0,"comment_status":"closed","ping_status":"open","template":"","meta":{"footnotes":""},"class_list":["post-1465","page","type-page","status-publish","hentry"],"_links":{"self":[{"href":"https:\/\/www.threepeakspartnership.co.uk\/cy\/wp-json\/wp\/v2\/pages\/1465","targetHints":{"allow":["GET"]}}],"collection":[{"href":"https:\/\/www.threepeakspartnership.co.uk\/cy\/wp-json\/wp\/v2\/pages"}],"about":[{"href":"https:\/\/www.threepeakspartnership.co.uk\/cy\/wp-json\/wp\/v2\/types\/page"}],"author":[{"embeddable":true,"href":"https:\/\/www.threepeakspartnership.co.uk\/cy\/wp-json\/wp\/v2\/users\/1"}],"replies":[{"embeddable":true,"href":"https:\/\/www.threepeakspartnership.co.uk\/cy\/wp-json\/wp\/v2\/comments?post=1465"}],"version-history":[{"count":0,"href":"https:\/\/www.threepeakspartnership.co.uk\/cy\/wp-json\/wp\/v2\/pages\/1465\/revisions"}],"wp:attachment":[{"href":"https:\/\/www.threepeakspartnership.co.uk\/cy\/wp-json\/wp\/v2\/media?parent=1465"}],"curies":[{"name":"wp","href":"https:\/\/api.w.org\/{rel}","templated":true}]}}