{"id":1463,"date":"2015-03-31T22:07:19","date_gmt":"2015-03-31T21:07:19","guid":{"rendered":"https:\/\/www.threepeakspartnership.co.uk\/?page_id=1463"},"modified":"2026-04-04T21:54:38","modified_gmt":"2026-04-04T20:54:38","slug":"cynllunio-eich-her","status":"publish","type":"page","link":"https:\/\/www.threepeakspartnership.co.uk\/cy\/cynllunio-eich-her\/","title":{"rendered":"Cynllunio eich her"},"content":{"rendered":"<p>Ar y dudalen hon fe welwch yr holl wybodaeth a&#8217;r cysylltiadau fydd eu hangen arnoch chi i baratoi \/ cynllunio ar gyfer cyflawni Her y Tri Chopa yn llwyddiannus, ac rydym wedi ei osod allan cam wrth gam mewn ffordd ddefnyddiol.<\/p>\n<h2>Mentro&#8217;n Gall<\/h2>\n<p><span data-contrast=\"auto\">Cyn i chi gychwyn ar eich taith i fyny\u2019r mynydd &#8211; Cofiwch Fentro&#8217;n Gall<\/span><span data-ccp-props=\"{&quot;335551550&quot;:6,&quot;335551620&quot;:6,&quot;335559739&quot;:240}\">\u00a0<\/span><span data-contrast=\"auto\">a gofynnwch y tri chwestiwn a ganlyn i chi&#8217;ch hun:<\/span><span data-ccp-props=\"{&quot;335551550&quot;:6,&quot;335551620&quot;:6,&quot;335559739&quot;:240}\">\u00a0<\/span><\/p>\n<ol>\n<li aria-setsize=\"-1\" data-leveltext=\"%1.\" data-font=\"Lato,Times New Roman\" data-listid=\"1\" data-list-defn-props=\"{&quot;335552541&quot;:0,&quot;335559685&quot;:720,&quot;335559991&quot;:360,&quot;469769242&quot;:[65533,0],&quot;469777803&quot;:&quot;left&quot;,&quot;469777804&quot;:&quot;%1.&quot;,&quot;469777815&quot;:&quot;hybridMultilevel&quot;}\" data-aria-posinset=\"1\" data-aria-level=\"1\"><span data-contrast=\"auto\">Ydw i&#8217;n hyderus bod gen i&#8217;r WYBODAETH a&#8217;r SGILIAU angenrheidiol ar gyfer y diwrnod?<\/span><span data-ccp-props=\"{&quot;134233279&quot;:false,&quot;201341983&quot;:0,&quot;335551550&quot;:6,&quot;335551620&quot;:6,&quot;335559739&quot;:0,&quot;335559740&quot;:240}\">\u00a0<\/span><\/li>\n<li aria-setsize=\"-1\" data-leveltext=\"%1.\" data-font=\"Lato,Times New Roman\" data-listid=\"1\" data-list-defn-props=\"{&quot;335552541&quot;:0,&quot;335559685&quot;:720,&quot;335559991&quot;:360,&quot;469769242&quot;:[65533,0],&quot;469777803&quot;:&quot;left&quot;,&quot;469777804&quot;:&quot;%1.&quot;,&quot;469777815&quot;:&quot;hybridMultilevel&quot;}\" data-aria-posinset=\"1\" data-aria-level=\"1\"><span data-contrast=\"auto\">Ydw i&#8217;n gwybod sut fydd y TYWYDD?\u00a0<\/span><\/li>\n<li aria-setsize=\"-1\" data-leveltext=\"%1.\" data-font=\"Lato,Times New Roman\" data-listid=\"1\" data-list-defn-props=\"{&quot;335552541&quot;:0,&quot;335559685&quot;:720,&quot;335559991&quot;:360,&quot;469769242&quot;:[65533,0],&quot;469777803&quot;:&quot;left&quot;,&quot;469777804&quot;:&quot;%1.&quot;,&quot;469777815&quot;:&quot;hybridMultilevel&quot;}\" data-aria-posinset=\"1\" data-aria-level=\"1\"><span data-contrast=\"auto\">Oes gen i&#8217;r OFFER iawn?<\/span><span data-ccp-props=\"{&quot;134233279&quot;:false,&quot;201341983&quot;:0,&quot;335551550&quot;:6,&quot;335551620&quot;:6,&quot;335559739&quot;:0,&quot;335559740&quot;:240}\">\u00a0<\/span><\/li>\n<\/ol>\n<p><span data-contrast=\"auto\">Os ydych chi&#8217;n ansicr o&#8217;ch gallu neu a fydd y <\/span><a href=\"https:\/\/weather.metoffice.gov.uk\/forecast\/gcmjghxpx#?date=2025-07-29\"><span data-contrast=\"none\">tywydd<\/span><\/a><span data-contrast=\"auto\"> yn addas, yna, da chi, ailystyriwch eich opsiynau.<\/span><span data-ccp-props=\"{}\">\u00a0<\/span><\/p>\n<h2 id=\"planning\">Cynllunio eich her<\/h2>\n<ul>\n<li><strong>Penderfynwch ar ddyddiad<\/strong>. Mae&#8217;n well osgoi gwyliau ysgol a gwyliau banc. Mae parcio a&#8217;r cyfleusterau lleol o dan bwysau sylweddol yn ystod y cyfnodau prysur hyn. Misoedd yr haf yw&#8217;r rhai gorau i gyflawni&#8217;r her, oherwydd fe gewch olau dydd am gyfnod hirach. Cofiwch mai&#8217;r penwythnosau fydd y cyfnodau prysuraf. Gallwch ddod o hyd i gyngor manwl ar barcio a phethau ymarferol eraill ar dudalennau cyngor lleol ar gyfer pob mynydd: <a href=\"https:\/\/www.threepeakspartnership.co.uk\/cy\/ben-nevis-beinn-nibhis\/\">Ben Nevis<\/a> | <a href=\"https:\/\/www.threepeakspartnership.co.uk\/cy\/scafell-pike-cy\/\">Scafell Pike<\/a> | <a href=\"https:\/\/www.threepeakspartnership.co.uk\/cy\/yr-wyddfa\/\">Yr Wyddfa<\/a><\/li>\n<li><strong>Ystyriwch ymgymryd \u00e2&#8217;r her dros gyfnod o dri diwrnod o ddifrif.<\/strong> Mae hyn yr un mor heriol yn gorfforol, ond byddwch hefyd yn cael y cyfle i fwynhau a gwerthfawrogi tirweddau trawiadol yn ystod eich ymweliad, ac fe fyddwch yn lleihau eich effaith ar yr ardaloedd bregus hyn yn sylweddol. <a href=\"https:\/\/www.threepeakspartnership.co.uk\/cy\/cymryd-rhan\/\">Dysgwch ragor am sut i leihau eich effaith yn y fan hon<\/a>.<\/li>\n<li><strong>Cynlluniwch eich taith<\/strong>. Mae ceidwaid a wardeiniaid lleol wedi rhoi gwybodaeth fanwl at ei gilydd ar gyfer pob mynydd mewn canllawiau y gellir eu lawr lwytho yn hawdd. <a href=\"https:\/\/www.threepeakspartnership.co.uk\/cy\/cynllunio-eich-llwybr\/\">Dechreuwch gynllunio pa lwybr fyddwch chi&#8217;n ei gymryd yn awr<\/a>.<\/li>\n<li><strong>Cofrestrwch eich her<\/strong>. Os yw eich gr\u0175p yn cynnwys mwy na 10 o bobl, bydd angen i chi gofrestru eich her. <a href=\"https:\/\/www.threepeakspartnership.co.uk\/cy\/cofrestr\/\">Cofrestrwch Nawr<\/a>.<\/li>\n<li><strong>Cynlluniwch eich cyfarpar<\/strong>. Byddwch angen cryn dipyn yn fwy na dim ond y cyfarpar \/ offer cerdded mynydd arferol. <a href=\"https:\/\/www.threepeakspartnership.co.uk\/cy\/?page_id=1457\">Cymerwch olwg ar y rhestr gyfarpar yr ydym ni&#8217;n eu hargymell<\/a>.<\/li>\n<li><strong>Cadwch yn ddiogel<\/strong>. Mae&#8217;n gwneud perffaith synnwyr eich bod chi a gweddill y gr\u0175p yn osgoi unrhyw drafferthion. <a href=\"https:\/\/www.threepeakspartnership.co.uk\/cy\/cynllunio-eich\/#stay-safe\">Darllenwch am y pethau sylfaenol yn y fan hon<\/a>.<\/li>\n<li><strong>Canfyddwch sut mae&#8217;r arbenigwyr yn mynd o&#8217;i chwmpas hi.<\/strong> Mae llawer o bobl yn dewis defnyddio cwmni tywys ar gyfer Her y Tri Chopa. Fe ofynnom ni i gwmni tywys lleol i ddweud wrthym sut y maent yn mynd ati i gynllunio ar gyfer digwyddiad Her y Tri Chopa fel taith dywys. <a href=\"https:\/\/www.threepeakspartnership.co.uk\/cy\/sut-maer-arbenigwyr-yn-mynd-ati\/\">Darllenwch am hyn yn y fan hon<\/a>.<\/li>\n<\/ul>\n<p><strong>Ar \u00f4l Eich Her\u2026<\/strong><\/p>\n<p>Erbyn hyn rydych yn teimlo eich bod wedi cael eich ysbrydoli gan y tirweddau godidog y gwnaethoch chi ymweld \u00e2 nhw. Mae Partneriaeth y Tri Chopa yn helpu i ofalu am y lleoedd hardd ond bregus hyn. Mae hyn yn golygu llawer o waith ac ni allwn wneud hynny ar ein pennau ein hunain. <a href=\"https:\/\/www.threepeakspartnership.co.uk\/cy\/cymryd-rhan\/\">Darganfyddwch sut y gallwch chi helpu yn y fan hon<\/a>.<\/p>\n<h2 id=\"respect\">Parchwch yr amgylchedd<\/h2>\n<ul>\n<li><strong>Byddwch yn ystyriol<\/strong>. Dros nos, cadwch eich s\u0175n i&#8217;r lleiafswm posibl, diffoddwch unrhyw injan, peiriannau a goleuadau. Mae <a href=\"https:\/\/www.threepeakspartnership.co.uk\/cy\/scafell-pike-cy\/#parking\">parcio<\/a> yn Scafell Pike yn golygu eich bod yn union y drws nesaf i feysydd gwersylla a thrigolion lleol, sy&#8217;n clywed s\u0175n ac aflonyddwch bob nos Sadwrn o fis Ebrill-Hydref. Parchwch y gymuned leol os gwelwch yn dda.<\/li>\n<li><strong>Ewch \u00e2&#8217;ch sbwriel ac unrhyw sbarion bwyd adref.<\/strong> Yn ein cymunedau bach, gwledig cyfyngedig iawn yw&#8217;r casgliadau gwastraff a&#8217;r cyfleusterau ailgylchu. Yn yr un modd, peidiwch ag adeiladu na gadael unrhyw garneddau, nac unrhyw wrthrychau neu gofebion artiffisial ar y mynyddoedd.<\/li>\n<li><strong>Parchwch y toiledau!<\/strong> Os gwelwch yn dda a fyddwch gystal \u00e2&#8217;u gadael mewn cyflwr da, a mynd ag unrhyw sbwriel a dillad gyda chi. Peidiwch \u00e2 defnyddio&#8217;r mynyddoedd fel toiled awyr agored, mae hyn yn cael effaith sylweddol ar gyflenwadau d\u0175r lleol ac ar yr ecoleg, ac mae&#8217;n beth amhleserus i ymwelwyr eraill. Lle y bo modd, ewch i&#8217;r toiled cyn i chi gyrraedd. Os oes angen i chi basio d\u0175r, yna gwnewch hynny o leiaf 30m oddi wrth nentydd ac afonydd. Os oes ydych angen ymgarthu, gwnewch hynny mor bell i ffwrdd ag y bo modd oddi wrth unrhyw adeiladau, nentydd ac anifeiliaid fferm. Claddwch yr ysgarthion mewn twll bas a rhoi&#8217;r tyweirch yn eu h\u00f4l.<\/li>\n<li><strong>Cadwch at y llwybrau, peidiwch \u00e2 throedio ar ymylon y glaswellt a chofiwch osgoi torri ar draws er mwyn byrhau eich llwybr \/ taith.<\/strong><\/li>\n<li><strong>Dilynwch Ganllawiau Cenedlaethol y Tri Chopa<\/strong> ar y safle hwn, ac mae hwn ar gael i&#8217;w lawr lwytho <a href=\"https:\/\/www.threepeakspartnership.co.uk\/wp-content\/uploads\/2015\/04\/National-guidelines.pdf\" target=\"_blank\" rel=\"noopener\">yn y fan hon<\/a>.<\/li>\n<\/ul>\n<h2 id=\"stay-safe\">Byddwch Yn Ddiogel<\/h2>\n<ul>\n<li><strong>Byddwch yn barod!<\/strong> Gwnewch yn si\u0175r bod gennych y cyfarpar \/ cit cywir a bod lefel eich ffitrwydd yn dda. Edrychwch ar ein rhestr cyfarpar am awgrymiadau ynghylch yr hyn y bydd angen i chi ddod gyda chi.<\/li>\n<li><strong>Cadwch olwg ar ac edrych beth fydd y tywydd!<\/strong> Gall tywydd ar y mynydd newid yn gyflym ac fe all newid profiad gwych i fod yn brofiad gwael iawn. Edrychwch ar wybodaeth y <a title=\"Met Office mountain weather forecasts\" href=\"https:\/\/www.metoffice.gov.uk\/weather\/specialist-forecasts\/mountain\" target=\"_blank\" rel=\"noopener\">Swyddfa Dywydd<\/a> ac ar ragolygon <a href=\"http:\/\/www.mwis.org.uk\/\" target=\"_blank\" rel=\"noopener\">MWIS<\/a> (Gwasanaeth Gwybodaeth Tywydd Mynydd) y noson cyn mentro ar eich her i chi gael gwybod y wybodaeth fwyaf manwl gywir.<\/li>\n<li><strong>Os cyfyd argyfwng.<\/strong> Fe all mynyddoedd Prydain fod yn lleoedd heriol ar unrhyw adeg o&#8217;r flwyddyn. Mae&#8217;r timau Achub Mynydd lleol i gyd yn wirfoddolwyr ac ni ddylid eu galw oni bai eich bod mewn argyfwng. Ewch i weld <a href=\"http:\/\/mountain.rescue.org.uk\" target=\"_blank\" rel=\"noopener\">mountain.rescue.org.uk<\/a> am ragor o wybodaeth.<\/li>\n<\/ul>\n<h2 id=\"want-to-help\">Eisiau helpu?<\/h2>\n<p>Mae Ben Nevis, Scafell Pike a&#8217;r Wyddfa yn amgylcheddau bregus iawn ac maent o dan bwysau o ganlyniad i&#8217;r cannoedd o filoedd o ymwelwyr sy&#8217;n dod i fwynhau&#8217;r lleoedd arbennig hyn bob blwyddyn. Mae digwyddiad Her y Tri Chopa yn cael effaith sylweddol ar y mynyddoedd hyn ac mae&#8217;n arwain at gostau ychwanegol ar gyfer yr elusennau a&#8217;r tirfeddianwyr eraill sy&#8217;n eu rheoli.<\/p>\n<p>Fe allwch chi ein helpu ni i ofalu am y lleoedd arbennig hyn drwy ddilyn <a href=\"https:\/\/www.threepeakspartnership.co.uk\/wp-content\/uploads\/2015\/04\/National-guidelines.pdf\" target=\"_blank\" rel=\"noopener\">canllawiau Partneriaeth y Tri Chopa<\/a>.<\/p>\n<ul>\n<li>Os gwelwch yn dda ystyriwch o ddifrif wneud cyfraniad, bydd hyn yn ein helpu ni i warchod y mynyddoedd hyn a chadw&#8217;r lleoedd gwyllt hyn yn arbennig ar gyfer cenedlaethau&#8217;r dyfodol.<\/li>\n<li>Hefyd fe allwch helpu drwy wirfoddoli un ai eich amser chi neu amser eich gr\u0175p.<\/li>\n<\/ul>\n","protected":false},"excerpt":{"rendered":"<p>Ar y dudalen hon fe welwch yr holl wybodaeth a&#8217;r cysylltiadau fydd eu hangen arnoch chi i baratoi \/ cynllunio ar gyfer cyflawni Her y Tri Chopa yn llwyddiannus, ac rydym wedi ei osod allan cam wrth gam mewn ffordd ddefnyddiol. Mentro&#8217;n Gall Cyn i chi gychwyn ar eich taith i fyny\u2019r mynydd &#8211; Cofiwch [&hellip;]<\/p>\n","protected":false},"author":1,"featured_media":0,"parent":0,"menu_order":0,"comment_status":"open","ping_status":"closed","template":"","meta":{"footnotes":""},"class_list":["post-1463","page","type-page","status-publish","hentry"],"_links":{"self":[{"href":"https:\/\/www.threepeakspartnership.co.uk\/cy\/wp-json\/wp\/v2\/pages\/1463","targetHints":{"allow":["GET"]}}],"collection":[{"href":"https:\/\/www.threepeakspartnership.co.uk\/cy\/wp-json\/wp\/v2\/pages"}],"about":[{"href":"https:\/\/www.threepeakspartnership.co.uk\/cy\/wp-json\/wp\/v2\/types\/page"}],"author":[{"embeddable":true,"href":"https:\/\/www.threepeakspartnership.co.uk\/cy\/wp-json\/wp\/v2\/users\/1"}],"replies":[{"embeddable":true,"href":"https:\/\/www.threepeakspartnership.co.uk\/cy\/wp-json\/wp\/v2\/comments?post=1463"}],"version-history":[{"count":0,"href":"https:\/\/www.threepeakspartnership.co.uk\/cy\/wp-json\/wp\/v2\/pages\/1463\/revisions"}],"wp:attachment":[{"href":"https:\/\/www.threepeakspartnership.co.uk\/cy\/wp-json\/wp\/v2\/media?parent=1463"}],"curies":[{"name":"wp","href":"https:\/\/api.w.org\/{rel}","templated":true}]}}